{"id":918,"date":"2024-06-30T10:04:19","date_gmt":"2024-06-30T08:04:19","guid":{"rendered":"https:\/\/musikaeskola.com\/?page_id=918"},"modified":"2024-07-24T14:36:17","modified_gmt":"2024-07-24T12:36:17","slug":"inicio","status":"publish","type":"page","link":"https:\/\/musikaeskola.com\/es\/","title":{"rendered":"INICIO"},"content":{"rendered":"<p><\/p>\n<section class=\"gris\" style=\"\">\n<div id=\"carouselExampleAutoplaying\" class=\"carousel slide\" data-bs-ride=\"carousel\">\n<div class=\"carousel-inner\" style=\"max-height:420px !important;\">\n<div class=\"carousel-item active\">\n      <img decoding=\"async\" src=\"https:\/\/musikaeskola.com\/wp-content\/uploads\/2024\/06\/000.jpg\" class=\"d-block w-100\" alt=\"...\"><\/p>\n<div class=\"carousel-caption d-none d-md-block\">\n<h1>LARRABETZU MUSIKA ESKOLA<\/h1>\n<\/p><\/div>\n<\/p><\/div>\n<div class=\"carousel-item\">\n      <img decoding=\"async\" src=\"https:\/\/musikaeskola.com\/wp-content\/uploads\/2024\/06\/000.jpg\" class=\"d-block w-100\" alt=\"...\"><\/p>\n<div class=\"carousel-caption d-none d-md-block\">\n<h1>MUSIKA ESKOLA DERIO<\/h1>\n<\/p><\/div>\n<\/p><\/div>\n<div class=\"carousel-item\">\n      <img decoding=\"async\" src=\"https:\/\/musikaeskola.com\/wp-content\/uploads\/2024\/06\/000.jpg\" class=\"d-block w-100\" alt=\"...\"><\/p>\n<div class=\"carousel-caption d-none d-md-block\">\n<h1>LEZAMA MUSIKA<\/h1>\n<\/p><\/div>\n<\/p><\/div>\n<\/p><\/div>\n<\/section>\n<div class=\"container text-center p-5\">\n<div class=\"row\">\n<div class=\"col-lg-4 col-md-4 col-12\">\n<div class=\"service-wrapper\">\n<div class=\"service-icon-title-wrapper clearfix\">\n<h4 class=\"service-title-wrap bg-primary p-1 text-white\"><i class=\"bi bi-file-earmark-music fs-1 p-3\"><\/i> TRADICI\u00d3N MUSICAL<\/h4>\n<\/p><\/div>\n<div class=\"service-content-wrap\">La tradici\u00f3n es un elemento de la cultura contempor\u00e1nea y la m\u00fasica forma parte del recurso cultural vasco de todos los tiempos. Desde Musika Eskola queremos perpetuar esta tradici\u00f3n.<\/div>\n<\/p><\/div>\n<\/p><\/div>\n<div class=\"col-lg-4 col-md-4 col-12\">\n<div class=\"service-wrapper\">\n<div class=\"service-icon-title-wrapper clearfix\">\n<h4 class=\"service-title-wrap bg-primary p-1 text-white\"><i class=\"bi bi-wind fs-1 p-3\"><\/i> ENSE\u00d1ANZA REGLADA<\/h4>\n<\/p><\/div>\n<div class=\"service-content-wrap\">En Musika Eskola impartimos tanto ense\u00f1anza reglada como no reglada. Aceptamos alumnos a partir de los 4 a\u00f1os.<\/div>\n<\/p><\/div>\n<\/p><\/div>\n<div class=\"col-lg-4 col-md-4 col-12\">\n<div class=\"service-wrapper\">\n<div class=\"service-icon-title-wrapper clearfix\">\n<h4 class=\"service-title-wrap bg-primary p-1 text-white\"><i class=\"bi bi-bookmarks fs-1 p-3\"><\/i> PROFESORES TITULADOS<\/h4>\n<\/p><\/div>\n<div class=\"service-content-wrap\">La calidad del profesorado no es una opci\u00f3n, es una obligaci\u00f3n. Todos nuestros profesores est\u00e1n titulados en el \u00e1rea que imparten.<\/div>\n<\/p><\/div>\n<\/p><\/div>\n<\/p><\/div>\n<\/div>\n<div class=\"container bg-light text-center p-5\">\n<div class=\"row\">\n<h3 class=\"section-title\">ASIGNATURAS DESTACADAS<\/h3>\n<div class=\"section-description\">En Larrabetzu Musika Eskola y Musika Eskola Derio impartimos clases de la mayor\u00eda de los instrumentos musicales solicitados por los alumnos. Estos son los principales:<\/div>\n<div class=\"row justify-content-around\">\n<div class=\"col-lg-3 col-md-4 col-12\">\n<figure class=\"figure\">\n                  <img decoding=\"async\" src=\"https:\/\/musikaeskola.com\/wp-content\/uploads\/2024\/06\/bateria.jpg\" class=\"figure-img img-fluid rounded mt-3 border border-dark\" alt=\"ukelele\"><figcaption class=\"figure-caption\">BATER\u00cdA<\/figcaption><\/figure>\n<\/p><\/div>\n<div class=\"col-lg-3 col-md-4 col-12\">\n<figure class=\"figure\">\n                  <img decoding=\"async\" src=\"https:\/\/musikaeskola.com\/wp-content\/uploads\/2024\/06\/l-m.jpg\" class=\"figure-img img-fluid rounded mt-3 border border-dark\" alt=\"ukelele\"><figcaption class=\"figure-caption\">LENGUAJE MUSICAL<\/figcaption><\/figure>\n<\/p><\/div>\n<div class=\"col-lg-3 col-md-4 col-12\">\n<figure class=\"figure\">\n                  <img decoding=\"async\" src=\"https:\/\/musikaeskola.com\/wp-content\/uploads\/2024\/06\/iniciacion.jpg\" class=\"figure-img img-fluid rounded mt-3 border border-dark\" alt=\"ukelele\"><figcaption class=\"figure-caption\">INICIACI\u00d3N<\/figcaption><\/figure>\n<\/p><\/div>\n<div class=\"col-lg-3 col-md-4 col-12\">\n<figure class=\"figure\">\n                  <img decoding=\"async\" src=\"https:\/\/musikaeskola.com\/wp-content\/uploads\/2024\/06\/acordeon.jpg\" class=\"figure-img img-fluid rounded mt-3 border border-dark\" alt=\"ukelele\"><figcaption class=\"figure-caption\">ACORDE\u00d3N<\/figcaption><\/figure>\n<\/p><\/div>\n<\/p><\/div>\n<div class=\"col-lg-3 col-md-4 col-12\">\n<figure class=\"figure\">\n                  <img decoding=\"async\" src=\"https:\/\/musikaeskola.com\/wp-content\/uploads\/2024\/06\/ukelele.jpg\" class=\"figure-img img-fluid rounded mt-3 border border-dark\" alt=\"ukelele\"><figcaption class=\"figure-caption\">UKELELE<\/figcaption><\/figure>\n<\/p><\/div>\n<div class=\"col-lg-3 col-md-4 col-12\">\n<figure class=\"figure\">\n                  <img decoding=\"async\" src=\"https:\/\/musikaeskola.com\/wp-content\/uploads\/2024\/06\/violin.jpg\" class=\"figure-img img-fluid rounded mt-3 border border-dark\" alt=\"ukelele\"><figcaption class=\"figure-caption\">VIOL\u00cdN<\/figcaption><\/figure>\n<\/p><\/div>\n<div class=\"col-lg-3 col-md-4 col-12\">\n<figure class=\"figure\">\n                  <img decoding=\"async\" src=\"https:\/\/musikaeskola.com\/wp-content\/uploads\/2024\/06\/viola.jpg\" class=\"figure-img img-fluid rounded mt-3 border border-dark\" alt=\"ukelele\"><figcaption class=\"figure-caption\">VIOLA<\/figcaption><\/figure>\n<\/p><\/div>\n<div class=\"col-lg-3 col-md-4 col-12\">\n<figure class=\"figure\">\n                  <img decoding=\"async\" src=\"https:\/\/musikaeskola.com\/wp-content\/uploads\/2024\/06\/saxo.jpg\" class=\"figure-img img-fluid rounded mt-3 border border-dark\" alt=\"ukelele\"><figcaption class=\"figure-caption\">SAXOF\u00d3N<\/figcaption><\/figure>\n<\/p><\/div>\n<div class=\"col-lg-3 col-md-4 col-12\">\n<figure class=\"figure\">\n                  <img decoding=\"async\" src=\"https:\/\/musikaeskola.com\/wp-content\/uploads\/2024\/06\/piano.jpg\" class=\"figure-img img-fluid rounded mt-3 border border-dark\" alt=\"ukelele\"><figcaption class=\"figure-caption\">PIANO<\/figcaption><\/figure>\n<\/p><\/div>\n<div class=\"col-lg-3 col-md-4 col-12\">\n<figure class=\"figure\">\n                  <img decoding=\"async\" src=\"https:\/\/musikaeskola.com\/wp-content\/uploads\/2024\/06\/electrica.jpg\" class=\"figure-img img-fluid rounded mt-3 border border-dark\" alt=\"ukelele\"><figcaption class=\"figure-caption\">GUITARRA EL\u00c9CTRICA<\/figcaption><\/figure>\n<\/p><\/div>\n<div class=\"col-lg-3 col-md-4 col-12\">\n<figure class=\"figure\">\n                  <img decoding=\"async\" src=\"https:\/\/musikaeskola.com\/wp-content\/uploads\/2024\/06\/acustica.jpg\" class=\"figure-img img-fluid rounded mt-3 border border-dark\" alt=\"ukelele\"><figcaption class=\"figure-caption\">GUITARRA AC\u00daSTICA<\/figcaption><\/figure>\n<\/p><\/div>\n<div class=\"col-lg-3 col-md-4 col-12\">\n<figure class=\"figure\">\n                  <img decoding=\"async\" src=\"https:\/\/musikaeskola.com\/wp-content\/uploads\/2024\/06\/flauta.jpg\" class=\"figure-img img-fluid rounded mt-3 border border-dark\" alt=\"ukelele\"><figcaption class=\"figure-caption\">FLAUTA<\/figcaption><\/figure>\n<\/p><\/div>\n<\/p><\/div>\n<\/div>\n<div class=\"container bg-white text-center p-5\">\n<div class=\"row\">\n<h3 class=\"section-title\">NOTICIAS DE MUSIKA ESKOLA<\/h3>\n<div class=\"section-description p-4 pt-1 pb-5 fs-5\">Para estar al d\u00eda con los temas que ata\u00f1en a Larrabetzu Musika Eskola y Musika Eskola Derio<\/div>\n<div style=\"clear:both;\"><\/div><div class=\"atw-show-posts atw-show-posts-filter-default\"><div class=\"atw-content-3-col atw-cf\" style=\"clear:left;\">\n    <article id=\"post-1023\" class=\"atw-post post-1023 post type-post status-publish format-standard has-post-thumbnail hentry category-sin-categoria\">\n        <header class=\"atw-entry-header\">\n                            <hgroup class=\"atw-entry-hdr\"><h2 class=\"atw-entry-title\">\n                        <a href=\"https:\/\/musikaeskola.com\/es\/empieza-el-nuevo-curso-2024-2025\/\"\n                           title=\"Permalink to Empieza el nuevo curso 2024-2025\" rel=\"bookmark\">Empieza el nuevo curso 2024-2025<\/a>\n                    <\/h2><\/hgroup>\n\n                                <div class=\"atw-entry-meta\">\n                    <div class=\"atw-entry-meta-icons\">\n                        <span class=\"entry-date\"><a href=\"https:\/\/musikaeskola.com\/es\/empieza-el-nuevo-curso-2024-2025\/\" title=\"12:39 12Sun, 30 Jun 2024 12:39:39 +000039.\" rel=\"bookmark\"><time datetime=\"2024-06-30T12:39:39+00:00\" pubdate>30 de junio de 2024<\/time><\/a><\/span> <span class=\"by-author\"><span class=\"author vcard\"><a class=\"url fn n\" href=\"https:\/\/musikaeskola.com\/es\/author\/diselan\/\" title=\"View all posts by diselan\" rel=\"author\">diselan<\/a><\/span><\/span>                    <\/div><!-- .atw-entry-meta-icons -->\n                <\/div><!-- .atw-entry-meta -->\n                        <\/header><!-- .atw-entry-header -->\n                    <div class=\"atw-entry-summary atw-cf\">\n                        <span class='atw-featured-image'><a\n                    href=\"https:\/\/musikaeskola.com\/es\/empieza-el-nuevo-curso-2024-2025\/\"><img loading=\"lazy\" decoding=\"async\" width=\"150\" height=\"150\" src=\"https:\/\/musikaeskola.com\/wp-content\/uploads\/2024\/06\/01-150x150.jpg\" class=\"attachment-thumbnail size-thumbnail wp-post-image\" alt=\"\" srcset=\"https:\/\/musikaeskola.com\/wp-content\/uploads\/2024\/06\/01-150x150.jpg 150w, https:\/\/musikaeskola.com\/wp-content\/uploads\/2024\/06\/01-300x300.jpg 300w\" sizes=\"auto, (max-width: 150px) 100vw, 150px\" \/><\/a><\/span>\n        <p>Larrabetzu musika eskola oferta talleres de m\u00fasica e ingl\u00e9s del 26 de junio al 10 de julio para ni\u00f1@s de [\u2026]<\/p>\n            <\/div><!-- .atw-entry-summary -->\n            \n            <footer class=\"atw-entry-utility\">\n                <div class=\"atw-entry-meta-icons\">\n                                            <span class=\"cat-links\">\n<a href=\"https:\/\/musikaeskola.com\/es\/category\/sin-categoria\/\" rel=\"category tag\">Sin categor\u00eda<\/a>\t\t    <\/span>\n                                        <\/div><!-- .entry-meta-icons -->\n            <\/footer><!-- .atw-entry-utility -->\n                <\/article><!-- #post-1023 -->\n\n    <\/div> <!-- atw-content-3-col -->\n<div class=\"atw-content-3-col atw-cf\">\n    <article id=\"post-850\" class=\"atw-post post-850 post type-post status-publish format-standard has-post-thumbnail hentry category-blog\">\n        <header class=\"atw-entry-header\">\n                            <hgroup class=\"atw-entry-hdr\"><h2 class=\"atw-entry-title\">\n                        <a href=\"https:\/\/musikaeskola.com\/es\/este-verano-taller-de-musica-e-ingles\/\"\n                           title=\"Permalink to Este verano taller de m\u00fasica e ingl\u00e9s\" rel=\"bookmark\">Este verano taller de m\u00fasica e ingl\u00e9s<\/a>\n                    <\/h2><\/hgroup>\n\n                                <div class=\"atw-entry-meta\">\n                    <div class=\"atw-entry-meta-icons\">\n                        <span class=\"entry-date\"><a href=\"https:\/\/musikaeskola.com\/es\/este-verano-taller-de-musica-e-ingles\/\" title=\"19:54 07Thu, 20 Jun 2024 19:54:01 +000001.\" rel=\"bookmark\"><time datetime=\"2024-06-20T19:54:01+00:00\" pubdate>20 de junio de 2024<\/time><\/a><\/span> <span class=\"by-author\"><span class=\"author vcard\"><a class=\"url fn n\" href=\"https:\/\/musikaeskola.com\/es\/author\/diselan\/\" title=\"View all posts by diselan\" rel=\"author\">diselan<\/a><\/span><\/span>                    <\/div><!-- .atw-entry-meta-icons -->\n                <\/div><!-- .atw-entry-meta -->\n                        <\/header><!-- .atw-entry-header -->\n                    <div class=\"atw-entry-summary atw-cf\">\n                        <span class='atw-featured-image'><a\n                    href=\"https:\/\/musikaeskola.com\/es\/este-verano-taller-de-musica-e-ingles\/\"><img loading=\"lazy\" decoding=\"async\" width=\"150\" height=\"150\" src=\"https:\/\/musikaeskola.com\/wp-content\/uploads\/2024\/06\/tallerak-1-150x150.jpg\" class=\"attachment-thumbnail size-thumbnail wp-post-image\" alt=\"\" srcset=\"https:\/\/musikaeskola.com\/wp-content\/uploads\/2024\/06\/tallerak-1-150x150.jpg 150w, https:\/\/musikaeskola.com\/wp-content\/uploads\/2024\/06\/tallerak-1-300x300.jpg 300w\" sizes=\"auto, (max-width: 150px) 100vw, 150px\" \/><\/a><\/span>\n        <p>Larrabetzu musika eskola oferta talleres de m\u00fasica e ingl\u00e9s del 26 de junio al 10 de julio para ni\u00f1@s de [\u2026]<\/p>\n            <\/div><!-- .atw-entry-summary -->\n            \n            <footer class=\"atw-entry-utility\">\n                <div class=\"atw-entry-meta-icons\">\n                                            <span class=\"cat-links\">\n<a href=\"https:\/\/musikaeskola.com\/es\/category\/blog\/\" rel=\"category tag\">Blog<\/a>\t\t    <\/span>\n                                                <span class=\"comments-link\">\n<a href=\"https:\/\/musikaeskola.com\/es\/este-verano-taller-de-musica-e-ingles\/#respond\" class=\"leave-reply\" >Leave a reply<\/a>\n\t\t    <\/span>\n                        <div style=\"clear:both;\"><\/div>\n                                        <\/div><!-- .entry-meta-icons -->\n            <\/footer><!-- .atw-entry-utility -->\n                <\/article><!-- #post-850 -->\n\n    <\/div> <!-- atw-content-3-col -->\n<div class=\"atw-content-3-col atw-cf\">\n    <article id=\"post-843\" class=\"atw-post post-843 post type-post status-publish format-standard has-post-thumbnail hentry category-blog\">\n        <header class=\"atw-entry-header\">\n                            <hgroup class=\"atw-entry-hdr\"><h2 class=\"atw-entry-title\">\n                        <a href=\"https:\/\/musikaeskola.com\/es\/pre-matricula-curso-2023-2024\/\"\n                           title=\"Permalink to PRE-MATR\u00cdCULA CURSO 2023 \/ 2024\" rel=\"bookmark\">PRE-MATR\u00cdCULA CURSO 2023 \/ 2024<\/a>\n                    <\/h2><\/hgroup>\n\n                                <div class=\"atw-entry-meta\">\n                    <div class=\"atw-entry-meta-icons\">\n                        <span class=\"entry-date\"><a href=\"https:\/\/musikaeskola.com\/es\/pre-matricula-curso-2023-2024\/\" title=\"19:52 07Thu, 20 Jun 2024 19:52:41 +000041.\" rel=\"bookmark\"><time datetime=\"2024-06-20T19:52:41+00:00\" pubdate>20 de junio de 2024<\/time><\/a><\/span> <span class=\"by-author\"><span class=\"author vcard\"><a class=\"url fn n\" href=\"https:\/\/musikaeskola.com\/es\/author\/diselan\/\" title=\"View all posts by diselan\" rel=\"author\">diselan<\/a><\/span><\/span>                    <\/div><!-- .atw-entry-meta-icons -->\n                <\/div><!-- .atw-entry-meta -->\n                        <\/header><!-- .atw-entry-header -->\n                    <div class=\"atw-entry-summary atw-cf\">\n                        <span class='atw-featured-image'><a\n                    href=\"https:\/\/musikaeskola.com\/es\/pre-matricula-curso-2023-2024\/\"><img loading=\"lazy\" decoding=\"async\" width=\"150\" height=\"150\" src=\"https:\/\/musikaeskola.com\/wp-content\/uploads\/2024\/06\/prematricula-150x150.jpg\" class=\"attachment-thumbnail size-thumbnail wp-post-image\" alt=\"\" srcset=\"https:\/\/musikaeskola.com\/wp-content\/uploads\/2024\/06\/prematricula-150x150.jpg 150w, https:\/\/musikaeskola.com\/wp-content\/uploads\/2024\/06\/prematricula-300x300.jpg 300w\" sizes=\"auto, (max-width: 150px) 100vw, 150px\" \/><\/a><\/span>\n        <p>Se abre el plazo de matriculaci\u00f3n para los alumnos de Larrabetzu Musika Eskola, Derio Musika Eskola y Lezama Musika Eskola. [\u2026]<\/p>\n            <\/div><!-- .atw-entry-summary -->\n            \n            <footer class=\"atw-entry-utility\">\n                <div class=\"atw-entry-meta-icons\">\n                                            <span class=\"cat-links\">\n<a href=\"https:\/\/musikaeskola.com\/es\/category\/blog\/\" rel=\"category tag\">Blog<\/a>\t\t    <\/span>\n                                                <span class=\"comments-link\">\n<a href=\"https:\/\/musikaeskola.com\/es\/pre-matricula-curso-2023-2024\/#respond\" class=\"leave-reply\" >Leave a reply<\/a>\n\t\t    <\/span>\n                        <div style=\"clear:both;\"><\/div>\n                                        <\/div><!-- .entry-meta-icons -->\n            <\/footer><!-- .atw-entry-utility -->\n                <\/article><!-- #post-843 -->\n\n    <\/div> <!-- atw-content-3-col -->\n<\/div><!-- show_posts -->\n<\/div>\n<\/p><\/div>\n<\/div>\n<p><\/p>","protected":false},"excerpt":{"rendered":"<p>LARRABETZU MUSIKA ESKOLA MUSIKA ESKOLA DERIO LEZAMA MUSIKA TRADICI\u00d3N MUSICAL La tradici\u00f3n es un elemento de la cultura contempor\u00e1nea y la m\u00fasica forma parte del recurso cultural vasco de todos los tiempos. Desde Musika Eskola queremos perpetuar esta tradici\u00f3n. ENSE\u00d1ANZA REGLADA En Musika Eskola impartimos tanto ense\u00f1anza reglada como no reglada. Aceptamos alumnos a partir [&hellip;]<\/p>\n","protected":false},"author":1,"featured_media":0,"parent":0,"menu_order":0,"comment_status":"closed","ping_status":"closed","template":"page-templates\/page-blank.php","meta":{"footnotes":""},"class_list":["post-918","page","type-page","status-publish","hentry"],"_links":{"self":[{"href":"https:\/\/musikaeskola.com\/es\/wp-json\/wp\/v2\/pages\/918","targetHints":{"allow":["GET"]}}],"collection":[{"href":"https:\/\/musikaeskola.com\/es\/wp-json\/wp\/v2\/pages"}],"about":[{"href":"https:\/\/musikaeskola.com\/es\/wp-json\/wp\/v2\/types\/page"}],"author":[{"embeddable":true,"href":"https:\/\/musikaeskola.com\/es\/wp-json\/wp\/v2\/users\/1"}],"replies":[{"embeddable":true,"href":"https:\/\/musikaeskola.com\/es\/wp-json\/wp\/v2\/comments?post=918"}],"version-history":[{"count":66,"href":"https:\/\/musikaeskola.com\/es\/wp-json\/wp\/v2\/pages\/918\/revisions"}],"predecessor-version":[{"id":1098,"href":"https:\/\/musikaeskola.com\/es\/wp-json\/wp\/v2\/pages\/918\/revisions\/1098"}],"wp:attachment":[{"href":"https:\/\/musikaeskola.com\/es\/wp-json\/wp\/v2\/media?parent=918"}],"curies":[{"name":"wp","href":"https:\/\/api.w.org\/{rel}","templated":true}]}}